{"id":35,"date":"2016-04-20T11:59:32","date_gmt":"2016-04-20T09:59:32","guid":{"rendered":"http:\/\/www.dr-thaler.at\/zahnarzt\/?page_id=35"},"modified":"2022-08-25T14:44:59","modified_gmt":"2022-08-25T12:44:59","slug":"impressum","status":"publish","type":"page","link":"https:\/\/www.dr-thaler.at\/zahnarzt\/impressum\/","title":{"rendered":"Impressum\/ECG-Info"},"content":{"rendered":"<div class=\"fusion-fullwidth fullwidth-box fusion-builder-row-1 hundred-percent-fullwidth non-hundred-percent-height-scrolling\" style=\"--awb-border-radius-top-left:0px;--awb-border-radius-top-right:0px;--awb-border-radius-bottom-right:0px;--awb-border-radius-bottom-left:0px;--awb-overflow:visible;--awb-flex-wrap:wrap;\" ><div class=\"fusion-builder-row fusion-row\"><div class=\"fusion-layout-column fusion_builder_column fusion-builder-column-0 fusion_builder_column_1_2 1_2 fusion-one-half fusion-column-first\" style=\"--awb-bg-size:cover;width:48%; margin-right: 4%;\"><div class=\"fusion-column-wrapper fusion-flex-column-wrapper-legacy\"><div class=\"fusion-text fusion-text-1\"><p><strong>Betreiber der Website: Dr. Christian Thaler<\/strong><br \/>\n9500 Villach, Backsteingasse 8<br \/>\nTelefon +43 (4242) 311 688<br \/>\ninfo@medcenter-villach.at<\/p>\n<\/div><div class=\"fusion-clearfix\"><\/div><\/div><\/div><div class=\"fusion-layout-column fusion_builder_column fusion-builder-column-1 fusion_builder_column_1_2 1_2 fusion-one-half fusion-column-last\" style=\"--awb-bg-size:cover;width:48%;\"><div class=\"fusion-column-wrapper fusion-flex-column-wrapper-legacy\"><div class=\"fusion-text fusion-text-2\"><p><span class=\"thalertitel\"><span style=\"font-family: Arial,Helvetica,sans-serif; font-size: small;\">Mitglied der \u00f6sterreichischen Zahn\u00e4rztekammer<br \/>\nBerufsbezeichnung: Facharzt f\u00fcr Mund-, Zahn- und Kieferheilkunde<br \/>\nT\u00e4tigkeit unterliegt dem Zahn\u00e4rztekammergesetz<\/span><\/span><\/p>\n<\/div><div class=\"fusion-clearfix\"><\/div><\/div><\/div><div class=\"fusion-layout-column fusion_builder_column fusion-builder-column-2 fusion_builder_column_1_1 1_1 fusion-one-full fusion-column-first fusion-column-last fusion-column-no-min-height\" style=\"--awb-bg-size:cover;--awb-margin-bottom:0px;\"><div class=\"fusion-column-wrapper fusion-flex-column-wrapper-legacy\"><div class=\"fusion-text fusion-text-3\"><h2>Information gem. Mediengesetz<\/h2>\n<p>Die grundliegende Ausrichtung dieser Website besteht in der Pr\u00e4sentation und Information \u00fcber unsere medizinischen Dienstleistungen.<\/p>\n<\/div><div class=\"fusion-reading-box-container reading-box-container-1\" style=\"--awb-title-color:#333333;--awb-margin-top:0px;--awb-margin-bottom:84px;\"><div class=\"reading-box\" style=\"background-color:#f6f6f6;border-width:1px;border-color:#f6f6f6;border-left-width:3px;border-left-color:var(--primary_color);border-style:solid;\"><h2>WICHTIGER HINWEIS<\/h2><div class=\"reading-box-additional fusion-reading-box-additional\">\n<p><em>Die auf dieser Seite bereitgestellten medizinischen oder gesundheitsbezogenen Ratschl\u00e4ge stammen ausschlie\u00dflich von medizinisch ausgebildeten und qualifizierten Fachleuten. Der Verfasser der Texte auf dieser Website ist (soweit nicht anders gekennzeichnet): Dr. Christian Thaler. Sollte eine Empfehlung von einer nicht medizinisch qualifizierten Einzelperson oder Organisation stammen, wird klar darauf hingewiesen. Die Informationen auf dieser Website sind nicht als Anleitung zur Selbstbehandlung geeignet und k\u00f6nnen den Besuch beim Arzt nicht ersetzen. Bitte nehmen Sie bei gesundheitlichen Problemen immer qualifizierte \u00e4rztliche Hilfe in Anspruch!<\/em><\/p>\n<\/div><div class=\"fusion-clearfix\"><\/div><\/div><\/div><div class=\"fusion-text fusion-text-4\"><h2>Urheberrecht\/Copyright<\/h2>\n<p>Die auf unserer Website ver\u00f6ffentlichten Inhalte und Werke unterliegen dem \u00f6sterreichischen Urheberrecht. Die Vervielf\u00e4ltigung, Speicherung in Datenbanken, Bearbeitung und jede Form von gewerblicher Nutzung sowie die Weitergabe an Dritte auch in Teilen oder in \u00fcberarbeiteter Form ist ohne unsere Zustimmung untersagt. Die Einbindung einzelner Seiten unseres Angebotes in fremde Frames ist zu unterlassen. Soweit die Inhalte auf dieser Seite nicht von uns erstellt wurden, werden die Urheberrechte Dritter beachtet. Insbesondere werden Inhalte Dritter als solche gekennzeichnet.<\/p>\n<h3>Schadensminderungspflicht<\/h3>\n<p>Im Falle von urheber- oder wettbewerbsrechtlichen Problemen bitten wir Sie, zur Vermeidung unn\u00f6tiger Rechtsstreite und Kosten, uns bereits im Vorfeld zu kontaktieren. Die Kostennote einer anwaltlichen Abmahnung, ohne vorhergehende Kontaktaufnahme unter den oben stehenden Adressen oder Telefonnummern, wird im Sinne der Schadensminderungspflicht als unbegr\u00fcndet zur\u00fcckgewiesen.<br \/>\nHaftungsausschluss<\/p>\n<p>Die Inhalte unserer Seiten wurden mit gr\u00f6\u00dfter Sorgfalt erstellt. F\u00fcr die Richtigkeit, Vollst\u00e4ndigkeit und Aktualit\u00e4t der Inhalte k\u00f6nnen wir jedoch keine Gew\u00e4hr \u00fcbernehmen. Dies gilt auch f\u00fcr die Verf\u00fcgbarkeit oder den Betrieb der gegenst\u00e4ndlichen Website und ihrer Inhalte. Jede Haftung f\u00fcr unmittelbare, mittelbare oder sonstige Sch\u00e4den, unabh\u00e4ngig von deren Ursachen, die aus der Benutzung oder Nichtverf\u00fcgbarkeit der Daten und Informationen dieser Website erwachsen, wird, soweit rechtlich zul\u00e4ssig, ausgeschlossen. Sofern Links zu externen Webseiten Dritter bereitgestellt werden, weisen wir darauf hin, dass wir auf deren Inhalte keinen Einfluss haben. Aus diesem Grund k\u00f6nnen wir f\u00fcr fremde Inhalte auch keine Gew\u00e4hr \u00fcbernehmen. F\u00fcr die Inhalte der verlinkten Seiten ist stets der jeweilige Betreiber verantwortlich. Die verlinkten Seiten wurden zum Zeitpunkt der Verlinkung auf m\u00f6gliche Rechtsverst\u00f6\u00dfe \u00fcberpr\u00fcft.<\/p>\n<\/div><div class=\"fusion-clearfix\"><\/div><\/div><\/div><\/div><\/div>\n","protected":false},"excerpt":{"rendered":"","protected":false},"author":1,"featured_media":0,"parent":0,"menu_order":0,"comment_status":"closed","ping_status":"closed","template":"","meta":{"footnotes":""},"class_list":["post-35","page","type-page","status-publish","hentry"],"yoast_head":"<!-- This site is optimized with the Yoast SEO plugin v27.0 - https:\/\/yoast.com\/product\/yoast-seo-wordpress\/ -->\n<title>Dr. Christian Thaler :: Facharzt f\u00fcr Zahn-, Mund- und Kieferheilkunde in Villach | Impressum\/ECG-Info<\/title>\n<meta name=\"description\" content=\"Impressum und Informationen gem. ECG und Mediengesetz\" \/>\n<meta name=\"robots\" content=\"index, follow, max-snippet:-1, max-image-preview:large, max-video-preview:-1\" \/>\n<link rel=\"canonical\" href=\"https:\/\/www.dr-thaler.at\/zahnarzt\/impressum\/\" \/>\n<meta property=\"og:locale\" content=\"de_DE\" \/>\n<meta property=\"og:type\" content=\"article\" \/>\n<meta property=\"og:title\" content=\"Dr. Christian Thaler :: Facharzt f\u00fcr Zahn-, Mund- und Kieferheilkunde in Villach | Impressum\/ECG-Info\" \/>\n<meta property=\"og:description\" content=\"Impressum und Informationen gem. ECG und Mediengesetz\" \/>\n<meta property=\"og:url\" content=\"https:\/\/www.dr-thaler.at\/zahnarzt\/impressum\/\" \/>\n<meta property=\"og:site_name\" content=\"Dr. Christian Thaler :: Facharzt f\u00fcr Zahn-, Mund- und Kieferheilkunde in Villach\" \/>\n<meta property=\"article:modified_time\" content=\"2022-08-25T12:44:59+00:00\" \/>\n<meta name=\"twitter:card\" content=\"summary_large_image\" \/>\n<meta name=\"twitter:label1\" content=\"Gesch\u00e4tzte Lesezeit\" \/>\n\t<meta name=\"twitter:data1\" content=\"10\u00a0Minuten\" \/>\n<script type=\"application\/ld+json\" class=\"yoast-schema-graph\">{\"@context\":\"https:\/\/schema.org\",\"@graph\":[{\"@type\":\"WebPage\",\"@id\":\"https:\/\/www.dr-thaler.at\/zahnarzt\/impressum\/\",\"url\":\"https:\/\/www.dr-thaler.at\/zahnarzt\/impressum\/\",\"name\":\"Dr. Christian Thaler :: Facharzt f\u00fcr Zahn-, Mund- und Kieferheilkunde in Villach | Impressum\/ECG-Info\",\"isPartOf\":{\"@id\":\"https:\/\/www.dr-thaler.at\/zahnarzt\/#website\"},\"datePublished\":\"2016-04-20T09:59:32+00:00\",\"dateModified\":\"2022-08-25T12:44:59+00:00\",\"description\":\"Impressum und Informationen gem. ECG und Mediengesetz\",\"breadcrumb\":{\"@id\":\"https:\/\/www.dr-thaler.at\/zahnarzt\/impressum\/#breadcrumb\"},\"inLanguage\":\"de\",\"potentialAction\":[{\"@type\":\"ReadAction\",\"target\":[\"https:\/\/www.dr-thaler.at\/zahnarzt\/impressum\/\"]}]},{\"@type\":\"BreadcrumbList\",\"@id\":\"https:\/\/www.dr-thaler.at\/zahnarzt\/impressum\/#breadcrumb\",\"itemListElement\":[{\"@type\":\"ListItem\",\"position\":1,\"name\":\"Startseite\",\"item\":\"https:\/\/www.dr-thaler.at\/zahnarzt\/\"},{\"@type\":\"ListItem\",\"position\":2,\"name\":\"Impressum\/ECG-Info\"}]},{\"@type\":\"WebSite\",\"@id\":\"https:\/\/www.dr-thaler.at\/zahnarzt\/#website\",\"url\":\"https:\/\/www.dr-thaler.at\/zahnarzt\/\",\"name\":\"Dr. Christian Thaler :: Facharzt f\u00fcr Zahn-, Mund- und Kieferheilkunde in Villach\",\"description\":\"MedCenter Villach-S\u00fcd, Backsteingasse 8\",\"publisher\":{\"@id\":\"https:\/\/www.dr-thaler.at\/zahnarzt\/#organization\"},\"potentialAction\":[{\"@type\":\"SearchAction\",\"target\":{\"@type\":\"EntryPoint\",\"urlTemplate\":\"https:\/\/www.dr-thaler.at\/zahnarzt\/?s={search_term_string}\"},\"query-input\":{\"@type\":\"PropertyValueSpecification\",\"valueRequired\":true,\"valueName\":\"search_term_string\"}}],\"inLanguage\":\"de\"},{\"@type\":\"Organization\",\"@id\":\"https:\/\/www.dr-thaler.at\/zahnarzt\/#organization\",\"name\":\"Zahnarzt Ordination Dr. Thaler Villach\",\"url\":\"https:\/\/www.dr-thaler.at\/zahnarzt\/\",\"logo\":{\"@type\":\"ImageObject\",\"inLanguage\":\"de\",\"@id\":\"https:\/\/www.dr-thaler.at\/zahnarzt\/#\/schema\/logo\/image\/\",\"url\":\"https:\/\/www.dr-thaler.at\/zahnarzt\/wp-content\/uploads\/2016\/04\/Logo_THALER-ZAHNARZT_web-retina.png\",\"contentUrl\":\"https:\/\/www.dr-thaler.at\/zahnarzt\/wp-content\/uploads\/2016\/04\/Logo_THALER-ZAHNARZT_web-retina.png\",\"width\":573,\"height\":200,\"caption\":\"Zahnarzt Ordination Dr. Thaler Villach\"},\"image\":{\"@id\":\"https:\/\/www.dr-thaler.at\/zahnarzt\/#\/schema\/logo\/image\/\"}}]}<\/script>\n<!-- \/ Yoast SEO plugin. -->","yoast_head_json":{"title":"Dr. Christian Thaler :: Facharzt f\u00fcr Zahn-, Mund- und Kieferheilkunde in Villach | Impressum\/ECG-Info","description":"Impressum und Informationen gem. ECG und Mediengesetz","robots":{"index":"index","follow":"follow","max-snippet":"max-snippet:-1","max-image-preview":"max-image-preview:large","max-video-preview":"max-video-preview:-1"},"canonical":"https:\/\/www.dr-thaler.at\/zahnarzt\/impressum\/","og_locale":"de_DE","og_type":"article","og_title":"Dr. Christian Thaler :: Facharzt f\u00fcr Zahn-, Mund- und Kieferheilkunde in Villach | Impressum\/ECG-Info","og_description":"Impressum und Informationen gem. ECG und Mediengesetz","og_url":"https:\/\/www.dr-thaler.at\/zahnarzt\/impressum\/","og_site_name":"Dr. Christian Thaler :: Facharzt f\u00fcr Zahn-, Mund- und Kieferheilkunde in Villach","article_modified_time":"2022-08-25T12:44:59+00:00","twitter_card":"summary_large_image","twitter_misc":{"Gesch\u00e4tzte Lesezeit":"10\u00a0Minuten"},"schema":{"@context":"https:\/\/schema.org","@graph":[{"@type":"WebPage","@id":"https:\/\/www.dr-thaler.at\/zahnarzt\/impressum\/","url":"https:\/\/www.dr-thaler.at\/zahnarzt\/impressum\/","name":"Dr. Christian Thaler :: Facharzt f\u00fcr Zahn-, Mund- und Kieferheilkunde in Villach | Impressum\/ECG-Info","isPartOf":{"@id":"https:\/\/www.dr-thaler.at\/zahnarzt\/#website"},"datePublished":"2016-04-20T09:59:32+00:00","dateModified":"2022-08-25T12:44:59+00:00","description":"Impressum und Informationen gem. ECG und Mediengesetz","breadcrumb":{"@id":"https:\/\/www.dr-thaler.at\/zahnarzt\/impressum\/#breadcrumb"},"inLanguage":"de","potentialAction":[{"@type":"ReadAction","target":["https:\/\/www.dr-thaler.at\/zahnarzt\/impressum\/"]}]},{"@type":"BreadcrumbList","@id":"https:\/\/www.dr-thaler.at\/zahnarzt\/impressum\/#breadcrumb","itemListElement":[{"@type":"ListItem","position":1,"name":"Startseite","item":"https:\/\/www.dr-thaler.at\/zahnarzt\/"},{"@type":"ListItem","position":2,"name":"Impressum\/ECG-Info"}]},{"@type":"WebSite","@id":"https:\/\/www.dr-thaler.at\/zahnarzt\/#website","url":"https:\/\/www.dr-thaler.at\/zahnarzt\/","name":"Dr. Christian Thaler :: Facharzt f\u00fcr Zahn-, Mund- und Kieferheilkunde in Villach","description":"MedCenter Villach-S\u00fcd, Backsteingasse 8","publisher":{"@id":"https:\/\/www.dr-thaler.at\/zahnarzt\/#organization"},"potentialAction":[{"@type":"SearchAction","target":{"@type":"EntryPoint","urlTemplate":"https:\/\/www.dr-thaler.at\/zahnarzt\/?s={search_term_string}"},"query-input":{"@type":"PropertyValueSpecification","valueRequired":true,"valueName":"search_term_string"}}],"inLanguage":"de"},{"@type":"Organization","@id":"https:\/\/www.dr-thaler.at\/zahnarzt\/#organization","name":"Zahnarzt Ordination Dr. Thaler Villach","url":"https:\/\/www.dr-thaler.at\/zahnarzt\/","logo":{"@type":"ImageObject","inLanguage":"de","@id":"https:\/\/www.dr-thaler.at\/zahnarzt\/#\/schema\/logo\/image\/","url":"https:\/\/www.dr-thaler.at\/zahnarzt\/wp-content\/uploads\/2016\/04\/Logo_THALER-ZAHNARZT_web-retina.png","contentUrl":"https:\/\/www.dr-thaler.at\/zahnarzt\/wp-content\/uploads\/2016\/04\/Logo_THALER-ZAHNARZT_web-retina.png","width":573,"height":200,"caption":"Zahnarzt Ordination Dr. Thaler Villach"},"image":{"@id":"https:\/\/www.dr-thaler.at\/zahnarzt\/#\/schema\/logo\/image\/"}}]}},"_links":{"self":[{"href":"https:\/\/www.dr-thaler.at\/zahnarzt\/wp-json\/wp\/v2\/pages\/35","targetHints":{"allow":["GET"]}}],"collection":[{"href":"https:\/\/www.dr-thaler.at\/zahnarzt\/wp-json\/wp\/v2\/pages"}],"about":[{"href":"https:\/\/www.dr-thaler.at\/zahnarzt\/wp-json\/wp\/v2\/types\/page"}],"author":[{"embeddable":true,"href":"https:\/\/www.dr-thaler.at\/zahnarzt\/wp-json\/wp\/v2\/users\/1"}],"replies":[{"embeddable":true,"href":"https:\/\/www.dr-thaler.at\/zahnarzt\/wp-json\/wp\/v2\/comments?post=35"}],"version-history":[{"count":3,"href":"https:\/\/www.dr-thaler.at\/zahnarzt\/wp-json\/wp\/v2\/pages\/35\/revisions"}],"predecessor-version":[{"id":513,"href":"https:\/\/www.dr-thaler.at\/zahnarzt\/wp-json\/wp\/v2\/pages\/35\/revisions\/513"}],"wp:attachment":[{"href":"https:\/\/www.dr-thaler.at\/zahnarzt\/wp-json\/wp\/v2\/media?parent=35"}],"curies":[{"name":"wp","href":"https:\/\/api.w.org\/{rel}","templated":true}]}}