{"id":7,"date":"2016-01-25T20:58:19","date_gmt":"2016-01-25T19:58:19","guid":{"rendered":"http:\/\/www.dr-thaler.at\/zahnarzt\/?page_id=7"},"modified":"2025-10-13T17:56:12","modified_gmt":"2025-10-13T15:56:12","slug":"ordination","status":"publish","type":"page","link":"https:\/\/www.dr-thaler.at\/zahnarzt\/ordination\/","title":{"rendered":"Ordination"},"content":{"rendered":"<div class=\"fusion-fullwidth fullwidth-box fusion-builder-row-1 hundred-percent-fullwidth non-hundred-percent-height-scrolling\" style=\"--awb-border-radius-top-left:0px;--awb-border-radius-top-right:0px;--awb-border-radius-bottom-right:0px;--awb-border-radius-bottom-left:0px;--awb-overflow:visible;--awb-flex-wrap:wrap;\" ><div class=\"fusion-builder-row fusion-row\"><div class=\"fusion-layout-column fusion_builder_column fusion-builder-column-0 fusion_builder_column_1_1 1_1 fusion-one-full fusion-column-first fusion-column-last\" style=\"--awb-bg-size:cover;\"><div class=\"fusion-column-wrapper fusion-flex-column-wrapper-legacy\"><div class=\"fusion-text fusion-text-1\"><p style=\"text-align: left;\"><span style=\"font-family: Open Sans; font-size: 32px; font-weight: 300;\">Moderne Ausstattung und freundliches Ambiente. <\/span><\/p>\n<\/div><div class=\"fusion-clearfix\"><\/div><\/div><\/div><div class=\"fusion-layout-column fusion_builder_column fusion-builder-column-1 fusion_builder_column_1_1 1_1 fusion-one-full fusion-column-first fusion-column-last fusion-column-no-min-height\" style=\"--awb-bg-size:cover;--awb-margin-bottom:0px;\"><div class=\"fusion-column-wrapper fusion-flex-column-wrapper-legacy\">\n\t\t\t\t<p class=\"rs-p-wp-fix\"><\/p>\n\t\t\t\t<sr7-module data-alias=\"ordination\" data-id=\"4\" id=\"SR7_4_1\" class=\"rs-ov-hidden\" data-version=\"6.7.39\">\n\t\t\t\t\t<sr7-adjuster><\/sr7-adjuster>\n\t\t\t\t\t<sr7-content>\n\t\t\t\t\t\t<sr7-carousel>\n\t\t\t\t\t\t<sr7-slide id=\"SR7_4_1-3\" data-key=\"3\">\n\t\t\t\t\t\t\t<sr7-bg id=\"SR7_4_1-3-1\" class=\"sr7-layer\"><noscript><img decoding=\"async\" src=\"http:\/\/www.dr-thaler.at\/zahnarzt\/wp-content\/uploads\/2016\/05\/zahnarzt-dr-thaler_ordination_09.jpg\" alt=\"\" title=\"Zahnarzt Dr. Christian Thaler\"><\/noscript><\/sr7-bg>\n\t\t\t\t\t\t<\/sr7-slide>\n\t\t\t\t\t\t<sr7-slide id=\"SR7_4_1-2\" data-key=\"2\">\n\t\t\t\t\t\t\t<sr7-bg id=\"SR7_4_1-2-1\" class=\"sr7-layer\"><noscript><img decoding=\"async\" src=\"http:\/\/www.dr-thaler.at\/zahnarzt\/wp-content\/uploads\/2016\/05\/zahnarzt-dr-thaler_ordination_08.jpg\" alt=\"\" title=\"Zahnarzt Dr. Christian Thaler\"><\/noscript><\/sr7-bg>\n\t\t\t\t\t\t<\/sr7-slide>\n\t\t\t\t\t\t<sr7-slide id=\"SR7_4_1-12\" data-key=\"12\">\n\t\t\t\t\t\t\t<sr7-bg id=\"SR7_4_1-12-1\" class=\"sr7-layer\"><noscript><img decoding=\"async\" src=\"http:\/\/www.dr-thaler.at\/zahnarzt\/wp-content\/uploads\/2016\/05\/zahnart-dr-thaler-behandlung_01.jpg\" alt=\"\" title=\"Zahnarzt Dr. Christian Thaler\"><\/noscript><\/sr7-bg>\n\t\t\t\t\t\t<\/sr7-slide>\n\t\t\t\t\t\t<sr7-slide id=\"SR7_4_1-4\" data-key=\"4\">\n\t\t\t\t\t\t\t<sr7-bg id=\"SR7_4_1-4-1\" class=\"sr7-layer\"><noscript><img decoding=\"async\" src=\"http:\/\/www.dr-thaler.at\/zahnarzt\/wp-content\/uploads\/2016\/05\/zahnarzt-dr-thaler_ordination_10.jpg\" alt=\"\" title=\"Zahnarzt Dr. Christian Thaler\"><\/noscript><\/sr7-bg>\n\t\t\t\t\t\t<\/sr7-slide>\n\t\t\t\t\t\t<sr7-slide id=\"SR7_4_1-5\" data-key=\"5\">\n\t\t\t\t\t\t\t<sr7-bg id=\"SR7_4_1-5-1\" class=\"sr7-layer\"><noscript><img decoding=\"async\" src=\"http:\/\/www.dr-thaler.at\/zahnarzt\/wp-content\/uploads\/2016\/05\/zahnarzt-dr-thaler_ordination_11.jpg\" alt=\"\" title=\"Zahnarzt Dr. Christian Thaler\"><\/noscript><\/sr7-bg>\n\t\t\t\t\t\t<\/sr7-slide>\n\t\t\t\t\t\t<sr7-slide id=\"SR7_4_1-20\" data-key=\"20\">\n\t\t\t\t\t\t<\/sr7-slide>\n\t\t\t\t\t\t<\/sr7-carousel>\n\t\t\t\t\t<\/sr7-content>\n\t\t\t\t\t<image_lists style=\"display:none\">\n\t\t\t\t\t\t<img data-src=\"\/\/www.dr-thaler.at\/zahnarzt\/wp-content\/uploads\/2016\/05\/zahnarzt-dr-thaler_ordination_08.jpg\" data-libid=\"205\" title=\"Zahnarzt Dr. Christian Thaler\" width=\"0\" height=\"0\" data-dbsrc=\"Ly93d3cuZHItdGhhbGVyLmF0L3phaG5hcnp0L3dwLWNvbnRlbnQvdXBsb2Fkcy8yMDE2LzA1L3phaG5hcnp0LWRyLXRoYWxlcl9vcmRpbmF0aW9uXzA4LmpwZw==\"\/>\n\t\t\t\t\t\t<img data-src=\"\/\/www.dr-thaler.at\/zahnarzt\/wp-content\/uploads\/2016\/05\/zahnarzt-dr-thaler_ordination_09.jpg\" data-libid=\"206\" title=\"Zahnarzt Dr. Christian Thaler\" width=\"0\" height=\"0\" data-dbsrc=\"Ly93d3cuZHItdGhhbGVyLmF0L3phaG5hcnp0L3dwLWNvbnRlbnQvdXBsb2Fkcy8yMDE2LzA1L3phaG5hcnp0LWRyLXRoYWxlcl9vcmRpbmF0aW9uXzA5LmpwZw==\"\/>\n\t\t\t\t\t\t<img data-src=\"\/\/www.dr-thaler.at\/zahnarzt\/wp-content\/uploads\/2016\/05\/zahnarzt-dr-thaler_ordination_10.jpg\" data-libid=\"207\" title=\"Zahnarzt Dr. Christian Thaler\" width=\"0\" height=\"0\" data-dbsrc=\"Ly93d3cuZHItdGhhbGVyLmF0L3phaG5hcnp0L3dwLWNvbnRlbnQvdXBsb2Fkcy8yMDE2LzA1L3phaG5hcnp0LWRyLXRoYWxlcl9vcmRpbmF0aW9uXzEwLmpwZw==\"\/>\n\t\t\t\t\t\t<img data-src=\"\/\/www.dr-thaler.at\/zahnarzt\/wp-content\/uploads\/2016\/05\/zahnarzt-dr-thaler_ordination_11.jpg\" data-libid=\"208\" title=\"Zahnarzt Dr. Christian Thaler\" width=\"0\" height=\"0\" data-dbsrc=\"Ly93d3cuZHItdGhhbGVyLmF0L3phaG5hcnp0L3dwLWNvbnRlbnQvdXBsb2Fkcy8yMDE2LzA1L3phaG5hcnp0LWRyLXRoYWxlcl9vcmRpbmF0aW9uXzExLmpwZw==\"\/>\n\t\t\t\t\t\t<img data-src=\"\/\/www.dr-thaler.at\/zahnarzt\/wp-content\/uploads\/2016\/05\/zahnart-dr-thaler-behandlung_01.jpg\" data-libid=\"314\" title=\"Zahnarzt Dr. Christian Thaler\" width=\"0\" height=\"0\" data-dbsrc=\"Ly93d3cuZHItdGhhbGVyLmF0L3phaG5hcnp0L3dwLWNvbnRlbnQvdXBsb2Fkcy8yMDE2LzA1L3phaG5hcnQtZHItdGhhbGVyLWJlaGFuZGx1bmdfMDEuanBn\"\/>\n\t\t\t\t\t<\/image_lists>\n\t\t\t\t<\/sr7-module>\n\t\t\t\t<script>\n\t\t\t\t\tSR7.PMH ??={}; SR7.PMH[\"SR7_4_1\"] = {cn:100,state:false,fn: function() { if (_tpt!==undefined && _tpt.prepareModuleHeight !== undefined) {  _tpt.prepareModuleHeight({id:\"SR7_4_1\",el:[420,420,768,960,720],type:'carousel',shdw:'0',gh:[420,420,420,420,315],gw:[640,640,640,640,480],vpt:['-100px'],size:{fullWidth:true, fullHeight:false},mh:'0',onh:0,onw:0,bg:{color:'{\"type\":\"solid\",\"orig\":\"#ffffff\",\"string\":\"rgba(255, 255, 255, 1)\"}'},carousel:{pt:'0',pb:'0'},plType:'2',plColor:'#1a80b6'});   SR7.PMH[\"SR7_4_1\"].state=true;} else if(SR7.PMH[\"SR7_4_1\"].cn-->0)\tsetTimeout( SR7.PMH[\"SR7_4_1\"].fn,19);}};SR7.PMH[\"SR7_4_1\" ].fn();\n\t\t\t\t<\/script>\n<div class=\"fusion-clearfix\"><\/div><\/div><\/div><div class=\"fusion-layout-column fusion_builder_column fusion-builder-column-2 fusion_builder_column_1_2 1_2 fusion-one-half fusion-column-first\" style=\"--awb-bg-size:cover;--awb-margin-top:20px;width:48%; margin-right: 4%;\"><div class=\"fusion-column-wrapper fusion-flex-column-wrapper-legacy\"><div class=\"fusion-text fusion-text-2\"><p>Dass ein Zahnarztbesuch f\u00fcr die meisten Menschen eher nicht f\u00fcr Entspannung und Wohlbefinden steht, ist uns schon klar. Gerade deshalb bem\u00fchen wir uns Ihren Aufenthalt in unserer Ordination so angenehm wie m\u00f6glich zu gestalten. Das beginnt damit, dass Sie ganz stressfrei einen kostenlosen Parkplatz vor der Ordination vorfinden und in der Praxis eine ruhige, offene und herzliche Atmosph\u00e4re erleben.<\/p>\n<\/div><div class=\"fusion-clearfix\"><\/div><\/div><\/div><div class=\"fusion-layout-column fusion_builder_column fusion-builder-column-3 fusion_builder_column_1_2 1_2 fusion-one-half fusion-column-last\" style=\"--awb-bg-size:cover;--awb-margin-top:20px;width:48%;\"><div class=\"fusion-column-wrapper fusion-flex-column-wrapper-legacy\"><div class=\"fusion-text fusion-text-3\"><p>Unsere neuen Ordinationsr\u00e4umlichkeiten im <a href=\"https:\/\/www.medcenter-villach.at\" target=\"_blank\" rel=\"noopener noreferrer\">MedCenter Villach-S\u00fcd<\/a> sind hell und freundlich gestaltet und barrierefrei zug\u00e4nglich. Die Behandlungsr\u00e4ume sind mit modernster Technik ausgestattet, die schonende und zielf\u00fchrende Behandlungsmethoden erm\u00f6glichen; strahlungsreduziertes 3D-Digitalr\u00f6ntgen und eine intraorale Kamera sichern eine punktgenaue Diagnostik.<\/p>\n<\/div><div class=\"fusion-clearfix\"><\/div><\/div><\/div><div class=\"fusion-layout-column fusion_builder_column fusion-builder-column-4 fusion_builder_column_1_1 1_1 fusion-one-full fusion-column-first fusion-column-last fusion-column-no-min-height\" style=\"--awb-bg-size:cover;--awb-margin-bottom:0px;\"><div class=\"fusion-column-wrapper fusion-flex-column-wrapper-legacy\"><div class=\"fusion-sep-clear\"><\/div><div class=\"fusion-separator fusion-full-width-sep\" style=\"margin-left: auto;margin-right: auto;width:100%;\"><div class=\"fusion-separator-border sep-single sep-solid\" style=\"--awb-height:20px;--awb-amount:20px;border-color:#e0dede;border-top-width:1px;\"><\/div><\/div><div class=\"fusion-sep-clear\"><\/div><div class=\"fusion-clearfix\"><\/div><\/div><\/div><div class=\"fusion-layout-column fusion_builder_column fusion-builder-column-5 fusion_builder_column_1_4 1_4 fusion-one-fourth fusion-column-first fusion-no-small-visibility\" style=\"--awb-bg-size:cover;width:22%; margin-right: 4%;\"><div class=\"fusion-column-wrapper fusion-flex-column-wrapper-legacy\"><div class=\"fusion-text fusion-text-4\"><p><a href=\"https:\/\/www.medcenter-villach.at\" target=\"_blank\" rel=\"noopener noreferrer\"><img decoding=\"async\" class=\"alignleft\" src=\"https:\/\/www.medcenter-villach.at\/wp-content\/uploads\/2015\/11\/apple-icon.png\" width=\"188\" height=\"189\" \/><\/a><\/p>\n<\/div><div class=\"fusion-clearfix\"><\/div><\/div><\/div><div class=\"fusion-layout-column fusion_builder_column fusion-builder-column-6 fusion_builder_column_3_4 3_4 fusion-three-fourth fusion-column-last\" style=\"--awb-bg-size:cover;width:74%;\"><div class=\"fusion-column-wrapper fusion-flex-column-wrapper-legacy\"><div class=\"fusion-text fusion-text-5\"><h2 data-lineheight=\"29\" data-fontsize=\"22\">Unsere Ordination befindet sich im MedCenter Villach-S\u00fcd<\/h2>\n<p style=\"text-align: left;\"><strong>Das ist eine Praxis- und Ordinationsgemeinschaft eigenst\u00e4ndig agierender \u00c4rzte und Therapeuten, die derzeit folgende Fachbereiche anbieten:<br \/>\n<\/strong><br \/>\n\u2192 <a href=\"https:\/\/www.medcenter-villach.at\/heilmassage\/\" target=\"_blank\" rel=\"noopener noreferrer\">Heilmassage<\/a> \u2192 <a href=\"https:\/\/www.medcenter-villach.at\/kieferorthopaedie\/\" target=\"_blank\" rel=\"noopener noreferrer\">Kieferorthop\u00e4die<\/a>\u00a0 \u2192 <a href=\"https:\/\/www.medcenter-villach.at\/physiotherapie\/\" target=\"_blank\" rel=\"noopener noreferrer\">Physiotherapie<\/a> \u2192 <a href=\"https:\/\/www.medcenter-villach.at\/zahnarzt\/\" target=\"_blank\" rel=\"noopener noreferrer\">Zahn- und Kieferheilkunde<\/a><\/p>\n<\/div><div class=\"fusion-clearfix\"><\/div><\/div><\/div><div class=\"fusion-layout-column fusion_builder_column fusion-builder-column-7 fusion_builder_column_1_1 1_1 fusion-one-full fusion-column-first fusion-column-last fusion-column-no-min-height\" style=\"--awb-bg-size:cover;--awb-margin-bottom:0px;\"><div class=\"fusion-column-wrapper fusion-flex-column-wrapper-legacy\"><div class=\"fusion-sep-clear\"><\/div><div class=\"fusion-separator fusion-full-width-sep\" style=\"margin-left: auto;margin-right: auto;margin-bottom:30px;width:100%;\"><div class=\"fusion-separator-border sep-single sep-solid\" style=\"--awb-height:20px;--awb-amount:20px;border-color:#e0dede;border-top-width:1px;\"><\/div><\/div><div class=\"fusion-sep-clear\"><\/div><div class=\"fusion-clearfix\"><\/div><\/div><\/div><div class=\"fusion-layout-column fusion_builder_column fusion-builder-column-8 fusion_builder_column_1_1 1_1 fusion-one-full fusion-column-first fusion-column-last\" style=\"--awb-bg-size:cover;--awb-margin-top:20px;\"><div class=\"fusion-column-wrapper fusion-flex-column-wrapper-legacy\"><div class=\"fusion-text fusion-text-6\"><p><strong>Bitte vereinbaren Sie immer telefonisch vorab einen Termin!<\/strong> Damit helfen Sie uns lange Wartezeiten zu vermeiden. Auch im Falle von dringenden Schmerzf\u00e4llen ist eine telefonische Anmeldung empfehlenswert &#8211; wir finden w\u00e4hrend der Ordinationszeiten immer eine M\u00f6glichkeit, Ihnen zu helfen.<\/p>\n<\/div><div class=\"fusion-clearfix\"><\/div><\/div><\/div><\/div><\/div>\n","protected":false},"excerpt":{"rendered":"","protected":false},"author":1,"featured_media":0,"parent":0,"menu_order":0,"comment_status":"closed","ping_status":"closed","template":"","meta":{"footnotes":""},"class_list":["post-7","page","type-page","status-publish","hentry"],"yoast_head":"<!-- This site is optimized with the Yoast SEO plugin v27.0 - https:\/\/yoast.com\/product\/yoast-seo-wordpress\/ -->\n<title>Dr. Christian Thaler :: Facharzt f\u00fcr Zahn-, Mund- und Kieferheilkunde in Villach | Ordination<\/title>\n<meta name=\"description\" content=\"Unsere neuen Ordinationsr\u00e4umlichkeiten im MedCenter Villach-S\u00fcd sind hell und freundlich gestaltet und barrierefrei zug\u00e4nglich. Die Behandlungsr\u00e4ume sind mit modernster Technik ausgestattet, die schonende und zielf\u00fchrende Behandlungsmethoden erm\u00f6glichen; strahlungsreduziertes 3D-Digitalr\u00f6ntgen und eine intraorale Kamera sichern eine punktgenaue Diagnostik.\" \/>\n<meta name=\"robots\" content=\"index, follow, max-snippet:-1, max-image-preview:large, max-video-preview:-1\" \/>\n<link rel=\"canonical\" href=\"https:\/\/www.dr-thaler.at\/zahnarzt\/ordination\/\" \/>\n<meta property=\"og:locale\" content=\"de_DE\" \/>\n<meta property=\"og:type\" content=\"article\" \/>\n<meta property=\"og:title\" content=\"Dr. Christian Thaler :: Facharzt f\u00fcr Zahn-, Mund- und Kieferheilkunde in Villach | Ordination\" \/>\n<meta property=\"og:description\" content=\"Unsere neuen Ordinationsr\u00e4umlichkeiten im MedCenter Villach-S\u00fcd sind hell und freundlich gestaltet und barrierefrei zug\u00e4nglich. Die Behandlungsr\u00e4ume sind mit modernster Technik ausgestattet, die schonende und zielf\u00fchrende Behandlungsmethoden erm\u00f6glichen; strahlungsreduziertes 3D-Digitalr\u00f6ntgen und eine intraorale Kamera sichern eine punktgenaue Diagnostik.\" \/>\n<meta property=\"og:url\" content=\"https:\/\/www.dr-thaler.at\/zahnarzt\/ordination\/\" \/>\n<meta property=\"og:site_name\" content=\"Dr. Christian Thaler :: Facharzt f\u00fcr Zahn-, Mund- und Kieferheilkunde in Villach\" \/>\n<meta property=\"article:modified_time\" content=\"2025-10-13T15:56:12+00:00\" \/>\n<meta property=\"og:image\" content=\"https:\/\/www.medcenter-villach.at\/wp-content\/uploads\/2015\/11\/apple-icon.png\" \/>\n<meta name=\"twitter:card\" content=\"summary_large_image\" \/>\n<meta name=\"twitter:label1\" content=\"Gesch\u00e4tzte Lesezeit\" \/>\n\t<meta name=\"twitter:data1\" content=\"3\u00a0Minuten\" \/>\n<script type=\"application\/ld+json\" class=\"yoast-schema-graph\">{\"@context\":\"https:\/\/schema.org\",\"@graph\":[{\"@type\":\"WebPage\",\"@id\":\"https:\/\/www.dr-thaler.at\/zahnarzt\/ordination\/\",\"url\":\"https:\/\/www.dr-thaler.at\/zahnarzt\/ordination\/\",\"name\":\"Dr. Christian Thaler :: Facharzt f\u00fcr Zahn-, Mund- und Kieferheilkunde in Villach | Ordination\",\"isPartOf\":{\"@id\":\"https:\/\/www.dr-thaler.at\/zahnarzt\/#website\"},\"primaryImageOfPage\":{\"@id\":\"https:\/\/www.dr-thaler.at\/zahnarzt\/ordination\/#primaryimage\"},\"image\":{\"@id\":\"https:\/\/www.dr-thaler.at\/zahnarzt\/ordination\/#primaryimage\"},\"thumbnailUrl\":\"https:\/\/www.medcenter-villach.at\/wp-content\/uploads\/2015\/11\/apple-icon.png\",\"datePublished\":\"2016-01-25T19:58:19+00:00\",\"dateModified\":\"2025-10-13T15:56:12+00:00\",\"description\":\"Unsere neuen Ordinationsr\u00e4umlichkeiten im MedCenter Villach-S\u00fcd sind hell und freundlich gestaltet und barrierefrei zug\u00e4nglich. Die Behandlungsr\u00e4ume sind mit modernster Technik ausgestattet, die schonende und zielf\u00fchrende Behandlungsmethoden erm\u00f6glichen; strahlungsreduziertes 3D-Digitalr\u00f6ntgen und eine intraorale Kamera sichern eine punktgenaue Diagnostik.\",\"breadcrumb\":{\"@id\":\"https:\/\/www.dr-thaler.at\/zahnarzt\/ordination\/#breadcrumb\"},\"inLanguage\":\"de\",\"potentialAction\":[{\"@type\":\"ReadAction\",\"target\":[\"https:\/\/www.dr-thaler.at\/zahnarzt\/ordination\/\"]}]},{\"@type\":\"ImageObject\",\"inLanguage\":\"de\",\"@id\":\"https:\/\/www.dr-thaler.at\/zahnarzt\/ordination\/#primaryimage\",\"url\":\"https:\/\/www.medcenter-villach.at\/wp-content\/uploads\/2015\/11\/apple-icon.png\",\"contentUrl\":\"https:\/\/www.medcenter-villach.at\/wp-content\/uploads\/2015\/11\/apple-icon.png\"},{\"@type\":\"BreadcrumbList\",\"@id\":\"https:\/\/www.dr-thaler.at\/zahnarzt\/ordination\/#breadcrumb\",\"itemListElement\":[{\"@type\":\"ListItem\",\"position\":1,\"name\":\"Startseite\",\"item\":\"https:\/\/www.dr-thaler.at\/zahnarzt\/\"},{\"@type\":\"ListItem\",\"position\":2,\"name\":\"Ordination\"}]},{\"@type\":\"WebSite\",\"@id\":\"https:\/\/www.dr-thaler.at\/zahnarzt\/#website\",\"url\":\"https:\/\/www.dr-thaler.at\/zahnarzt\/\",\"name\":\"Dr. Christian Thaler :: Facharzt f\u00fcr Zahn-, Mund- und Kieferheilkunde in Villach\",\"description\":\"MedCenter Villach-S\u00fcd, Backsteingasse 8\",\"publisher\":{\"@id\":\"https:\/\/www.dr-thaler.at\/zahnarzt\/#organization\"},\"potentialAction\":[{\"@type\":\"SearchAction\",\"target\":{\"@type\":\"EntryPoint\",\"urlTemplate\":\"https:\/\/www.dr-thaler.at\/zahnarzt\/?s={search_term_string}\"},\"query-input\":{\"@type\":\"PropertyValueSpecification\",\"valueRequired\":true,\"valueName\":\"search_term_string\"}}],\"inLanguage\":\"de\"},{\"@type\":\"Organization\",\"@id\":\"https:\/\/www.dr-thaler.at\/zahnarzt\/#organization\",\"name\":\"Zahnarzt Ordination Dr. Thaler Villach\",\"url\":\"https:\/\/www.dr-thaler.at\/zahnarzt\/\",\"logo\":{\"@type\":\"ImageObject\",\"inLanguage\":\"de\",\"@id\":\"https:\/\/www.dr-thaler.at\/zahnarzt\/#\/schema\/logo\/image\/\",\"url\":\"https:\/\/www.dr-thaler.at\/zahnarzt\/wp-content\/uploads\/2016\/04\/Logo_THALER-ZAHNARZT_web-retina.png\",\"contentUrl\":\"https:\/\/www.dr-thaler.at\/zahnarzt\/wp-content\/uploads\/2016\/04\/Logo_THALER-ZAHNARZT_web-retina.png\",\"width\":573,\"height\":200,\"caption\":\"Zahnarzt Ordination Dr. Thaler Villach\"},\"image\":{\"@id\":\"https:\/\/www.dr-thaler.at\/zahnarzt\/#\/schema\/logo\/image\/\"}}]}<\/script>\n<!-- \/ Yoast SEO plugin. -->","yoast_head_json":{"title":"Dr. Christian Thaler :: Facharzt f\u00fcr Zahn-, Mund- und Kieferheilkunde in Villach | Ordination","description":"Unsere neuen Ordinationsr\u00e4umlichkeiten im MedCenter Villach-S\u00fcd sind hell und freundlich gestaltet und barrierefrei zug\u00e4nglich. Die Behandlungsr\u00e4ume sind mit modernster Technik ausgestattet, die schonende und zielf\u00fchrende Behandlungsmethoden erm\u00f6glichen; strahlungsreduziertes 3D-Digitalr\u00f6ntgen und eine intraorale Kamera sichern eine punktgenaue Diagnostik.","robots":{"index":"index","follow":"follow","max-snippet":"max-snippet:-1","max-image-preview":"max-image-preview:large","max-video-preview":"max-video-preview:-1"},"canonical":"https:\/\/www.dr-thaler.at\/zahnarzt\/ordination\/","og_locale":"de_DE","og_type":"article","og_title":"Dr. Christian Thaler :: Facharzt f\u00fcr Zahn-, Mund- und Kieferheilkunde in Villach | Ordination","og_description":"Unsere neuen Ordinationsr\u00e4umlichkeiten im MedCenter Villach-S\u00fcd sind hell und freundlich gestaltet und barrierefrei zug\u00e4nglich. Die Behandlungsr\u00e4ume sind mit modernster Technik ausgestattet, die schonende und zielf\u00fchrende Behandlungsmethoden erm\u00f6glichen; strahlungsreduziertes 3D-Digitalr\u00f6ntgen und eine intraorale Kamera sichern eine punktgenaue Diagnostik.","og_url":"https:\/\/www.dr-thaler.at\/zahnarzt\/ordination\/","og_site_name":"Dr. Christian Thaler :: Facharzt f\u00fcr Zahn-, Mund- und Kieferheilkunde in Villach","article_modified_time":"2025-10-13T15:56:12+00:00","og_image":[{"url":"https:\/\/www.medcenter-villach.at\/wp-content\/uploads\/2015\/11\/apple-icon.png","type":"","width":"","height":""}],"twitter_card":"summary_large_image","twitter_misc":{"Gesch\u00e4tzte Lesezeit":"3\u00a0Minuten"},"schema":{"@context":"https:\/\/schema.org","@graph":[{"@type":"WebPage","@id":"https:\/\/www.dr-thaler.at\/zahnarzt\/ordination\/","url":"https:\/\/www.dr-thaler.at\/zahnarzt\/ordination\/","name":"Dr. Christian Thaler :: Facharzt f\u00fcr Zahn-, Mund- und Kieferheilkunde in Villach | Ordination","isPartOf":{"@id":"https:\/\/www.dr-thaler.at\/zahnarzt\/#website"},"primaryImageOfPage":{"@id":"https:\/\/www.dr-thaler.at\/zahnarzt\/ordination\/#primaryimage"},"image":{"@id":"https:\/\/www.dr-thaler.at\/zahnarzt\/ordination\/#primaryimage"},"thumbnailUrl":"https:\/\/www.medcenter-villach.at\/wp-content\/uploads\/2015\/11\/apple-icon.png","datePublished":"2016-01-25T19:58:19+00:00","dateModified":"2025-10-13T15:56:12+00:00","description":"Unsere neuen Ordinationsr\u00e4umlichkeiten im MedCenter Villach-S\u00fcd sind hell und freundlich gestaltet und barrierefrei zug\u00e4nglich. Die Behandlungsr\u00e4ume sind mit modernster Technik ausgestattet, die schonende und zielf\u00fchrende Behandlungsmethoden erm\u00f6glichen; strahlungsreduziertes 3D-Digitalr\u00f6ntgen und eine intraorale Kamera sichern eine punktgenaue Diagnostik.","breadcrumb":{"@id":"https:\/\/www.dr-thaler.at\/zahnarzt\/ordination\/#breadcrumb"},"inLanguage":"de","potentialAction":[{"@type":"ReadAction","target":["https:\/\/www.dr-thaler.at\/zahnarzt\/ordination\/"]}]},{"@type":"ImageObject","inLanguage":"de","@id":"https:\/\/www.dr-thaler.at\/zahnarzt\/ordination\/#primaryimage","url":"https:\/\/www.medcenter-villach.at\/wp-content\/uploads\/2015\/11\/apple-icon.png","contentUrl":"https:\/\/www.medcenter-villach.at\/wp-content\/uploads\/2015\/11\/apple-icon.png"},{"@type":"BreadcrumbList","@id":"https:\/\/www.dr-thaler.at\/zahnarzt\/ordination\/#breadcrumb","itemListElement":[{"@type":"ListItem","position":1,"name":"Startseite","item":"https:\/\/www.dr-thaler.at\/zahnarzt\/"},{"@type":"ListItem","position":2,"name":"Ordination"}]},{"@type":"WebSite","@id":"https:\/\/www.dr-thaler.at\/zahnarzt\/#website","url":"https:\/\/www.dr-thaler.at\/zahnarzt\/","name":"Dr. Christian Thaler :: Facharzt f\u00fcr Zahn-, Mund- und Kieferheilkunde in Villach","description":"MedCenter Villach-S\u00fcd, Backsteingasse 8","publisher":{"@id":"https:\/\/www.dr-thaler.at\/zahnarzt\/#organization"},"potentialAction":[{"@type":"SearchAction","target":{"@type":"EntryPoint","urlTemplate":"https:\/\/www.dr-thaler.at\/zahnarzt\/?s={search_term_string}"},"query-input":{"@type":"PropertyValueSpecification","valueRequired":true,"valueName":"search_term_string"}}],"inLanguage":"de"},{"@type":"Organization","@id":"https:\/\/www.dr-thaler.at\/zahnarzt\/#organization","name":"Zahnarzt Ordination Dr. Thaler Villach","url":"https:\/\/www.dr-thaler.at\/zahnarzt\/","logo":{"@type":"ImageObject","inLanguage":"de","@id":"https:\/\/www.dr-thaler.at\/zahnarzt\/#\/schema\/logo\/image\/","url":"https:\/\/www.dr-thaler.at\/zahnarzt\/wp-content\/uploads\/2016\/04\/Logo_THALER-ZAHNARZT_web-retina.png","contentUrl":"https:\/\/www.dr-thaler.at\/zahnarzt\/wp-content\/uploads\/2016\/04\/Logo_THALER-ZAHNARZT_web-retina.png","width":573,"height":200,"caption":"Zahnarzt Ordination Dr. Thaler Villach"},"image":{"@id":"https:\/\/www.dr-thaler.at\/zahnarzt\/#\/schema\/logo\/image\/"}}]}},"_links":{"self":[{"href":"https:\/\/www.dr-thaler.at\/zahnarzt\/wp-json\/wp\/v2\/pages\/7","targetHints":{"allow":["GET"]}}],"collection":[{"href":"https:\/\/www.dr-thaler.at\/zahnarzt\/wp-json\/wp\/v2\/pages"}],"about":[{"href":"https:\/\/www.dr-thaler.at\/zahnarzt\/wp-json\/wp\/v2\/types\/page"}],"author":[{"embeddable":true,"href":"https:\/\/www.dr-thaler.at\/zahnarzt\/wp-json\/wp\/v2\/users\/1"}],"replies":[{"embeddable":true,"href":"https:\/\/www.dr-thaler.at\/zahnarzt\/wp-json\/wp\/v2\/comments?post=7"}],"version-history":[{"count":2,"href":"https:\/\/www.dr-thaler.at\/zahnarzt\/wp-json\/wp\/v2\/pages\/7\/revisions"}],"predecessor-version":[{"id":550,"href":"https:\/\/www.dr-thaler.at\/zahnarzt\/wp-json\/wp\/v2\/pages\/7\/revisions\/550"}],"wp:attachment":[{"href":"https:\/\/www.dr-thaler.at\/zahnarzt\/wp-json\/wp\/v2\/media?parent=7"}],"curies":[{"name":"wp","href":"https:\/\/api.w.org\/{rel}","templated":true}]}}